{"id":805,"date":"2011-05-23T10:32:08","date_gmt":"2011-05-23T09:32:08","guid":{"rendered":"http:\/\/www.saxonline.it\/wordpress"},"modified":"2012-04-28T15:05:14","modified_gmt":"2012-04-28T15:05:14","slug":"un-assolo-di-hank-mobley","status":"publish","type":"page","link":"https:\/\/www.jazzlab.saxonline.it\/w3\/jazz\/pratiche-di-3%c2%b0-livello\/un-assolo-di-hank-mobley\/","title":{"rendered":"Un assolo di Hank Mobley"},"content":{"rendered":"<p>Una scheda pensata certamente per chi gi\u00e0 pratica il sax da diversi anni anche se , a questo proposito , devo dire che a volte anche chi \u00e8 all&#8217;inizio pu\u00f2 trarre dalla pratica di frammenti di assolo grandissimi benefici. In questa scheda propongo un fantastico assolo di Hank \u00a0Mobley su una struttura &#8220;I got rhythm&#8221;. L&#8217;analisi della struttura armonica di &#8220;I got Rhythm&#8221; \u00e8 trattata a partein un&#8217;altra scheda disponibile a chi frequenta le Lezioni On Line. &#8220;I got rhythm&#8221; \u00e8 il nome del brano di Gershwin che ha fissato questa struttura armonica in modo indelebile nella prassi musicale del jazz. Innumerevoli brani sono poi stati scritti sul medesimo giro armonico fino a che il termine &#8220;rhythm changes&#8221; e divenuto generico appellativo della struttura stessa. &#8220;&#8230;&#8230;bene adesso suoniamo un &#8220;rhythm changes&#8221; &#8230;. &#8221; \u00e8 una frase che chiunque abbia frequentato un Jam Session ha sentito pronunciare. In Italia \u00e8 molto in uso anche il termine &#8220;Anatole&#8221; che vuol dire esattamente la stessa cosa.<\/p>\n<p>Il brano qui riportato si intitola &#8220;Tenor Conclave&#8221; ed \u00e8 disponibile sul disco omonimo pubblicato a nome di John Coltrane da Prestige. Facilissimo trovarlo su All Music Guide (vedi Home page di questo sito).<\/p>\n<p>Ecco lo spartito per Sax Tenore:\u00a0<a href=\"http:\/\/www.saxonline.it\/w3\/wp-content\/uploads\/2011\/05\/Hank-Mobleys-Tenor-Conclave.pdf\">Hank Mobley&#8217;s Tenor Conclave<\/a><\/p>\n<p>Ecco lo spartito per Sax Alto: <a href=\"http:\/\/www.saxonline.it\/w3\/wp-content\/uploads\/2011\/05\/Tenor-Conclave-Alto.pdf\">Tenor Conclave Alto<\/a><\/p>\n<p>Il file mp3 del brano: <a href=\"http:\/\/saxonline.it\/uploads\/2011\/Schede%20Impro\/Assolo%20di%20H.Mobley\/tenor%20conclave.mp3\">Tenor Conclave.mp3<\/a><\/p>\n<p>Sar\u00e0 facile praticare l&#8217;assolo rallentandolo con il programma <a href=\"http:\/\/www.saxonline.it\/wordpress\/un-open-source-che-rallenta-gli-mp3-bestpractice.html\" target=\"_blank\">Best Practice<\/a>\u00a0e\u00a0suonandoci insieme. Basta iniziare con gradualita e per i rpimi giorni accontentarsi di piccoli frammenti. Studiare un assolo \u00e8 un tipo di pratica che riassume in se tutta una serie di argomenti e si avvcina in, questo senso, alla complessit\u00e0 di una esecuzione vera e propria di un brano. Tuttavia la possibilit\u00e0 di ripetere lentamente le singole frasi e di analizzarle, frammentarle e ricomporle rende questo lavoro approcciabile a diversi livelli di abilit\u00e0 e si avvicina quanto mai alla tradizionale pratica di trasmissione orale.<\/p>\n<p>Obiettivo finale : memorizzare e suonare col disco. Dopodich\u00e8 utilizzare frammenti dell&#8217;assolo per scomporre e ricomporre le frasi secondo un procedimento che viene trattato separatamente.<\/p>\n","protected":false},"excerpt":{"rendered":"<p>Una scheda pensata certamente per chi gi\u00e0 pratica il sax da diversi anni anche se , a questo proposito , devo dire che a volte anche chi \u00e8 all&#8217;inizio pu\u00f2 trarre dalla pratica di frammenti di<a class=\"moretag\" href=\"https:\/\/www.jazzlab.saxonline.it\/w3\/jazz\/pratiche-di-3%c2%b0-livello\/un-assolo-di-hank-mobley\/\">Read More&#8230;<\/a><\/p>\n","protected":false},"author":2,"featured_media":0,"parent":1231,"menu_order":8,"comment_status":"closed","ping_status":"closed","template":"","meta":{"footnotes":""},"class_list":["post-805","page","type-page","status-publish","hentry"],"_links":{"self":[{"href":"https:\/\/www.jazzlab.saxonline.it\/w3\/wp-json\/wp\/v2\/pages\/805","targetHints":{"allow":["GET"]}}],"collection":[{"href":"https:\/\/www.jazzlab.saxonline.it\/w3\/wp-json\/wp\/v2\/pages"}],"about":[{"href":"https:\/\/www.jazzlab.saxonline.it\/w3\/wp-json\/wp\/v2\/types\/page"}],"author":[{"embeddable":true,"href":"https:\/\/www.jazzlab.saxonline.it\/w3\/wp-json\/wp\/v2\/users\/2"}],"replies":[{"embeddable":true,"href":"https:\/\/www.jazzlab.saxonline.it\/w3\/wp-json\/wp\/v2\/comments?post=805"}],"version-history":[{"count":3,"href":"https:\/\/www.jazzlab.saxonline.it\/w3\/wp-json\/wp\/v2\/pages\/805\/revisions"}],"predecessor-version":[{"id":1577,"href":"https:\/\/www.jazzlab.saxonline.it\/w3\/wp-json\/wp\/v2\/pages\/805\/revisions\/1577"}],"up":[{"embeddable":true,"href":"https:\/\/www.jazzlab.saxonline.it\/w3\/wp-json\/wp\/v2\/pages\/1231"}],"wp:attachment":[{"href":"https:\/\/www.jazzlab.saxonline.it\/w3\/wp-json\/wp\/v2\/media?parent=805"}],"curies":[{"name":"wp","href":"https:\/\/api.w.org\/{rel}","templated":true}]}}