{"id":645,"date":"2011-01-18T12:07:35","date_gmt":"2011-01-18T11:07:35","guid":{"rendered":"http:\/\/www.saxonline.it\/wordpress"},"modified":"2016-10-23T08:14:41","modified_gmt":"2016-10-23T10:14:41","slug":"so-wha","status":"publish","type":"page","link":"https:\/\/www.jazzlab.saxonline.it\/w3\/jazz\/pratiche-di-2-livello\/so-wha\/","title":{"rendered":"Criteri di costruzione melodica"},"content":{"rendered":"<p>La precedente versione di questa pagina si riferiva agli esercizi sulla scala dorica delle pratiche jazz 1- 2- 3 che hanno come oggetto finale il brano &#8220;So What&#8221;. In realt\u00e0 questi criteri possono essere sempre applicati anche sul blues o in ogni altro contesto modale nel quale sia possibile suonare su una scala senza avere il problema di assecondare movimenti armonici particolari. Lo scopo \u00e8 quello di incominciare ad esercitare un ascolto attivo nei confronti di ci\u00f2 che suoniamo e di applicare razionalmente alcuni criteri che ci permettono di mettere \u00a0a fuoco elementi melodici specifici aiutandoci a dare una struttura formale al fraseggio. Un esempio concreto \u00e8 rappresentato dalla capacit\u00e0 di ripetere ci\u00f2 che si \u00e8 appena suonato. Se non siamo in grado di ripetere una successione di note, infatti, viene a mancare sia l&#8217;oggetto &#8220;frase&#8221; stesso e sia di conseguenza, la possibilit\u00e0 di lavorarci sopra per migliorarlo. Una frase musicale, perch\u00e8 sia tale, deve poter essere ripetibile e quindi individuata in modo univoco e chiaro, sia ritmicamente che come note.<\/p>\n<p>Se hai difficolt\u00e0 a formulare una frase da cui partire e non hai il necessario insegnante vicino a te, fai riferimento ad un assolo in una versione suonata del brano che intendi affrontare (per esempio un blues di <a href=\"https:\/\/www.youtube.com\/watch?v=J1I_sO81eL4\">Albert King<\/a> o, per la scala dorica, &#8220;<a href=\"https:\/\/www.youtube.com\/watch?v=ylXk1LBvIqU\">So What<\/a>&#8220;, di Miles Davis.)<\/p>\n<h2>Criteri:<\/h2>\n<p>1)\u00a0Scegli una frase con cui partire, breve e seguita da una pausa.( per incominciare 3 o 4 note vanno benissimo).<\/p>\n<p>2) Ripetila diverse volte senza necessariamente rispettare il punto di partenza nella battuta ma seguendo il tuo istinto.<\/p>\n<p>3) Nelle ripetizioni Introduci delle variazioni ritmiche, ovvero allunga o accorcia note dell frase originaria, senza mutarne l&#8217;ordine. In questa fase puoi provare a suonare la frase senza completarla ogni volta ma suonandone solo un parte ( iniziale o finale)<\/p>\n<p>4) Quando hai individuato chiaramente un ritmo nuovo, applicalo a diversi gradi della scala che stai usando modificando perci\u00f2 le note ma mantenendo il ritmo della frase precedente.<\/p>\n<p>5) Ottenuta cos\u00ec una nuova frase procedi a variarla come hai fatto con la precedente.<\/p>\n<p>Altri elementi espressivi di cui tenere conto sono i seguenti:<\/p>\n<ol>\n<li>Iniziare una frase identica in un punto diverso della battuta consiste in una variazione ritmica dato che cambia gli accenti della nuova frase rispetto a quella di partenza.<\/li>\n<li>Il registro acuto esprime maggiore intensit\u00e0 emotiva e quindi \u00e8 consigliabile iniziare da note del registro medio e salire gradualmente durante l&#8217;assolo<\/li>\n<li>Nel blues la ripetizione da luogo ad un &#8220;riff&#8221;. Un &#8220;riff&#8221; \u00e8 una frase che puoi ripetere su tutto il giro di blues senza modifiche mentre lo scorrere degli accordi modifica il suono delle note che stai ripetendo, uguali.<\/li>\n<\/ol>\n<p>&nbsp;<\/p>\n","protected":false},"excerpt":{"rendered":"<p>La precedente versione di questa pagina si riferiva agli esercizi sulla scala dorica delle pratiche jazz 1- 2- 3 che hanno come oggetto finale il brano &#8220;So What&#8221;. In realt\u00e0 questi criteri possono essere sempre applicati<a class=\"moretag\" href=\"https:\/\/www.jazzlab.saxonline.it\/w3\/jazz\/pratiche-di-2-livello\/so-wha\/\">Read More&#8230;<\/a><\/p>\n","protected":false},"author":2,"featured_media":0,"parent":1169,"menu_order":4,"comment_status":"closed","ping_status":"closed","template":"","meta":{"footnotes":""},"class_list":["post-645","page","type-page","status-publish","hentry"],"_links":{"self":[{"href":"https:\/\/www.jazzlab.saxonline.it\/w3\/wp-json\/wp\/v2\/pages\/645","targetHints":{"allow":["GET"]}}],"collection":[{"href":"https:\/\/www.jazzlab.saxonline.it\/w3\/wp-json\/wp\/v2\/pages"}],"about":[{"href":"https:\/\/www.jazzlab.saxonline.it\/w3\/wp-json\/wp\/v2\/types\/page"}],"author":[{"embeddable":true,"href":"https:\/\/www.jazzlab.saxonline.it\/w3\/wp-json\/wp\/v2\/users\/2"}],"replies":[{"embeddable":true,"href":"https:\/\/www.jazzlab.saxonline.it\/w3\/wp-json\/wp\/v2\/comments?post=645"}],"version-history":[{"count":6,"href":"https:\/\/www.jazzlab.saxonline.it\/w3\/wp-json\/wp\/v2\/pages\/645\/revisions"}],"predecessor-version":[{"id":2758,"href":"https:\/\/www.jazzlab.saxonline.it\/w3\/wp-json\/wp\/v2\/pages\/645\/revisions\/2758"}],"up":[{"embeddable":true,"href":"https:\/\/www.jazzlab.saxonline.it\/w3\/wp-json\/wp\/v2\/pages\/1169"}],"wp:attachment":[{"href":"https:\/\/www.jazzlab.saxonline.it\/w3\/wp-json\/wp\/v2\/media?parent=645"}],"curies":[{"name":"wp","href":"https:\/\/api.w.org\/{rel}","templated":true}]}}