{"id":532,"date":"2010-12-09T10:45:43","date_gmt":"2010-12-09T09:45:43","guid":{"rendered":"http:\/\/www.saxonline.it\/wordpress"},"modified":"2012-04-28T15:01:09","modified_gmt":"2012-04-28T15:01:09","slug":"frasi-su-un-c-tonale","status":"publish","type":"page","link":"https:\/\/www.jazzlab.saxonline.it\/w3\/jazz\/pratiche-di-3%c2%b0-livello\/frasi-su-un-c-tonale\/","title":{"rendered":"Frasi su una cadenza II V"},"content":{"rendered":"<p>Frasi su una cadenza \u00a0II -V &#8211; Nessuna sostituzione o alterazione, \u00a0solo qualche cromatismo<\/p>\n<p>Nel precedente esercizio sul giro armonico di <a href=\"http:\/\/www.saxonline.it\/wordpress\/improvvisazione-jazz\/schede-di-studio\/blues-for-alice-1\" target=\"_blank\">Blues for Alice<\/a> l&#8217;attenzione era incentrata sulla capacit\u00e0 di muoversi su di un&#8217;accordo isolandolo dal precedente o dal successivo. Ma il Jazz \u00e8 in forte continuit\u00e0 con il Blues dove l&#8217;approccio solistico \u00e8 opposto: il solista suona sempre la stessa scala su tutti gli accordi. Questo approccio viene definito &#8220;modale&#8221;. In questo esercizio \u00e8 possibile incominciare ad esplorare quello che pu\u00f2 essere considerato un approccio intermedio e cio\u00e8 improvvisare raggruppando gli accordi in funzione della loro appartenenza ad un centro tonale. Per avviarsi in questa direzione \u00e8 necessario conoscere le varie cadenze. \u00a0La pi\u00f9 comune \u00e8 la cadenza II -V &#8211; I.<\/p>\n<p>Lo scopo di questo esercizio \u00e8 di apprendere un tipo di pratica che \u00e8 sempre stato al centro della attivit\u00e0 jazzistica e che consiste nell&#8217;acquisire attraverso l&#8217;ascolto elementi melodici da scomporre e ricomporre a piacimento. Questo significa che in assenza di un ascolto assiduo di musica jazz non ha molto senso cercare di suonarlo. \u00a0Da principio, come spesso accade in musica, \u00a0questo processo si svolge lentamente e con grande attenzione. In seguito ad una intensa pratica strumentale si potr\u00e0 passare ad un utilizzo estemporaneo del materiale scaturito. \u00a0Un aspetto molto utile di questo studio \u00e8 il miglioramento della capacit\u00e0 di cogliere elementi melodici dal fraseggio dei grandi solisti.<\/p>\n<p>Nell&#8217;esercizio vengono usati alcuni elementi di costruzione melodica che vanno appresi con sicurezza e sono riportati nello spartito &#8220;<a href=\"http:\/\/www.saxonline.it\/w3\/wp-content\/uploads\/2010\/12\/Alcuni-elementi.pdf\" target=\"_blank\">Alcuni elementi<\/a>&#8220;. In pi\u00f9 attinger\u00f2 frasi da assoli pi\u00f9 o meno famosi. \u00a0La costruzione a crome \u00a0\u00e8 essenziale per interiorizzare la diversa funzione armonica delle note all&#8217;interno di una frase (.. ). \u00a0La variet\u00e0 ritmica in questo tipo di costruzione \u00e8 affidata agli accenti. \u00a0La fonte primaria degli elementi melodici utili a questo scopo sono i dischi della \u00a0musica che vi interessa.<\/p>\n<p>Ecco l&#8217;esercizio:<\/p>\n<ol>\n<li>Suonate e memorizzate per intero ma anche a frammenti le frasi di questa lista (<a href=\"http:\/\/www.saxonline.it\/w3\/wp-content\/uploads\/2010\/12\/Frasi-su-II-V.pdf\" target=\"_blank\">Frasi su II &#8211; V<\/a>). Potete utilizzare le basi midi (<a href=\"http:\/\/www.saxonline.it\/w3\/wp-content\/uploads\/2010\/12\/D-7-G7-Alto-Sax.mp3\" target=\"_blank\">D-7 G7 Alto Sax<\/a> &#8211;\u00a0<a href=\"http:\/\/www.saxonline.it\/w3\/wp-content\/uploads\/2010\/12\/D-G7-Concert.mp3\" target=\"_blank\">D- G7 Concert<\/a> &#8211;<a href=\"http:\/\/www.saxonline.it\/w3\/wp-content\/uploads\/2010\/12\/D-7-G7-Tenor-sax.mp3\" target=\"_blank\">D-7 G7 Tenor sax<\/a>)<\/li>\n<li>Scrivete vostre proprie frasi unendo frammenti di frasi della lista precedente. Potete usare anche frasi prese da questa\u00a0<a href=\"http:\/\/www.saxonline.it\/w3\/wp-content\/uploads\/2010\/12\/Frasi-numerate1.pdf\" target=\"_blank\">lista<\/a>. Il modo di unire i frammenti pi\u00f9 facile \u00e8 di trovarne con note dove la posizione ritmica \u00e8 analoga. Su richiesta posso mettere in linea qualche esempio.<\/li>\n<\/ol>\n<p>Se siete sufficientemente abili potete utilizzare le altre basi per suonare, trasposte, le stesse frasi nelle tonalit\u00e0 degli altri strumenti. Per il Sax Alto la base del piano diventa B-7 E7 e quella del Sax tenore A-7 D7. Per il Sax Tenore la base del piano diventa E-7 A7 e quella del Sax Alto G-7 C7.<\/p>\n","protected":false},"excerpt":{"rendered":"<p>Frasi su una cadenza \u00a0II -V &#8211; Nessuna sostituzione o alterazione, \u00a0solo qualche cromatismo Nel precedente esercizio sul giro armonico di Blues for Alice l&#8217;attenzione era incentrata sulla capacit\u00e0 di muoversi su di un&#8217;accordo isolandolo dal<a class=\"moretag\" href=\"https:\/\/www.jazzlab.saxonline.it\/w3\/jazz\/pratiche-di-3%c2%b0-livello\/frasi-su-un-c-tonale\/\">Read More&#8230;<\/a><\/p>\n","protected":false},"author":2,"featured_media":0,"parent":1231,"menu_order":4,"comment_status":"closed","ping_status":"closed","template":"","meta":{"footnotes":""},"class_list":["post-532","page","type-page","status-publish","hentry"],"_links":{"self":[{"href":"https:\/\/www.jazzlab.saxonline.it\/w3\/wp-json\/wp\/v2\/pages\/532","targetHints":{"allow":["GET"]}}],"collection":[{"href":"https:\/\/www.jazzlab.saxonline.it\/w3\/wp-json\/wp\/v2\/pages"}],"about":[{"href":"https:\/\/www.jazzlab.saxonline.it\/w3\/wp-json\/wp\/v2\/types\/page"}],"author":[{"embeddable":true,"href":"https:\/\/www.jazzlab.saxonline.it\/w3\/wp-json\/wp\/v2\/users\/2"}],"replies":[{"embeddable":true,"href":"https:\/\/www.jazzlab.saxonline.it\/w3\/wp-json\/wp\/v2\/comments?post=532"}],"version-history":[{"count":2,"href":"https:\/\/www.jazzlab.saxonline.it\/w3\/wp-json\/wp\/v2\/pages\/532\/revisions"}],"predecessor-version":[{"id":1573,"href":"https:\/\/www.jazzlab.saxonline.it\/w3\/wp-json\/wp\/v2\/pages\/532\/revisions\/1573"}],"up":[{"embeddable":true,"href":"https:\/\/www.jazzlab.saxonline.it\/w3\/wp-json\/wp\/v2\/pages\/1231"}],"wp:attachment":[{"href":"https:\/\/www.jazzlab.saxonline.it\/w3\/wp-json\/wp\/v2\/media?parent=532"}],"curies":[{"name":"wp","href":"https:\/\/api.w.org\/{rel}","templated":true}]}}