{"id":3413,"date":"2024-06-08T18:07:32","date_gmt":"2024-06-08T20:07:32","guid":{"rendered":"https:\/\/www.jazzlab.saxonline.it\/w3\/?page_id=3413"},"modified":"2024-06-08T19:05:48","modified_gmt":"2024-06-08T21:05:48","slug":"paolo-farinelli-quartet-feat-micaela-bruno","status":"publish","type":"page","link":"https:\/\/www.jazzlab.saxonline.it\/w3\/schede\/draft\/2848-2\/paolo-farinelli-quartet-feat-micaela-bruno\/","title":{"rendered":"Paolo Farinelli Quartet feat. Micaela Bruno"},"content":{"rendered":"<div id=\"pl-3413\"  class=\"panel-layout\" ><div id=\"pg-3413-0\"  class=\"panel-grid panel-has-style\" ><div class=\"siteorigin-panels-stretch panel-row-style panel-row-style-for-3413-0\" data-stretch-type=\"full\" ><div id=\"pgc-3413-0-0\"  class=\"panel-grid-cell panel-grid-cell-empty\" ><\/div><div id=\"pgc-3413-0-1\"  class=\"panel-grid-cell panel-grid-cell-mobile-last\" ><div id=\"panel-3413-0-1-0\" class=\"so-panel widget widget_siteorigin-panels-builder panel-first-child panel-last-child\" data-index=\"0\" ><div class=\"panel-widget-style panel-widget-style-for-3413-0-1-0\" ><div id=\"pl-w6664c6d93e570\"  class=\"panel-layout\" ><div id=\"pg-w6664c6d93e570-0\"  class=\"panel-grid panel-no-style\" ><div id=\"pgc-w6664c6d93e570-0-0\"  class=\"panel-grid-cell\" ><div id=\"panel-w6664c6d93e570-0-0-0\" class=\"so-panel widget widget_sow-editor panel-first-child panel-last-child\" data-index=\"0\" ><div\n\t\t\t\n\t\t\tclass=\"so-widget-sow-editor so-widget-sow-editor-base\"\n\t\t\t\n\t\t>\n<div class=\"siteorigin-widget-tinymce textwidget\">\n\t<h2>Quartetto Jazz di Paolo Farinelli<\/h2>\n<h3>Featuring Micaela Bruno<\/h3>\n<h6>La formazione esegue un repertorio di standard classici della tradizione del musical americano e di brani originali di autori pi\u00f9 squisitamente jazzistici. I riferimenti stilistici di questa formazione sono quelli tipici del main-stream, arricchiti della visione pi\u00f9 contemporanea, legata alla continuazione di questa tradizione cos\u00ec come si \u00e8 evoluta dagli anni 60' ad oggi. La caratteristica comune alle varie correnti di jazz, dallo swing all'hard bop al jazz modale, \u00e8 infatti quella di aver continuato ad esistere nel tempo ben al di l\u00e0 del periodo storico che le ha prodotte. Cos\u00ec nel lavoro dei musicisti contemporanei continua a vivere la radice del blues accanto agli elementi pi\u00f9 moderni che l'evoluzione di questa musica ci ha regalato. A composizioni di autori come Irvin Berling o Gershwin si accostano brani originali di grandi musicisti di Jazz come Charlie Parker, Thelonious Monk o Joe Henderson, Charles Mingus o Benny Golson.<\/h6>\n<h6>Il concerto \u00e8 arricchito dalla presenza della vocalist e performer Micaela Bruno che completa il repertorio, restituendo ad alcuni degli standard eseguiti la loro veste originale, concepita a suo tempo come parte integrante delle commedie musicali in voga, dagli anni 20' in poi, nei teatri Newyorkesi di Broadway.<\/h6>\n<\/div>\n<\/div><\/div><\/div><\/div><div id=\"pg-w6664c6d93e570-1\"  class=\"panel-grid panel-no-style\" ><div id=\"pgc-w6664c6d93e570-1-0\"  class=\"panel-grid-cell\" ><div id=\"panel-w6664c6d93e570-1-0-0\" class=\"so-panel widget widget_sow-editor panel-first-child panel-last-child\" data-index=\"1\" ><div\n\t\t\t\n\t\t\tclass=\"so-widget-sow-editor so-widget-sow-editor-base\"\n\t\t\t\n\t\t>\n<div class=\"siteorigin-widget-tinymce textwidget\">\n\t<p><strong>La formazione \u00e8 composta da<\/strong><\/p>\n<p><strong>Paolo Farinelli: Sax Alto<\/strong><br \/>\n<strong>Andrea Nunzi: Batteria<\/strong><br \/>\n<strong>Giulio Scarpato: Contrabbasso<\/strong><br \/>\n<strong>Gianluca Figliola: Chitarra\u00a0<\/strong><br \/>\n<strong>Micaela Bruno: Voce\u00a0<\/strong><\/p>\n<p>Attivit\u00e0 Svolta<br \/>\n<a href=\"https:\/\/www.saxonline.it\/informazioni\/insegnante\/\">Curriculum di Paolo Farinelli<\/a><a href=\"http:\/\/www.stonescafe.it\/stonescafe\/artist\/gianluca-figliola\/\"><br \/>\n<\/a><a href=\"https:\/\/www.centrottava.it\/giulio-scarpato\/\">Curriculum di Giulio Scarpato<\/a><a href=\"http:\/\/www.stonescafe.it\/stonescafe\/artist\/gianluca-figliola\/\"><br \/>\n<\/a><a href=\"https:\/\/www.pianetasonoro.it\/batteria-con-andrea-nunzi\/\">Curriculum di Andrea Nunzi<\/a><a href=\"http:\/\/www.stonescafe.it\/stonescafe\/artist\/gianluca-figliola\/\"><br \/>\n<\/a><a href=\"https:\/\/www.jazzlab.saxonline.it\/w3\/wp-content\/uploads\/2022\/04\/Gianluca-Figliola-CV..pdf\">Curriculum di Gianluca Figliola<\/a><br \/>\n<a href=\"https:\/\/www.jazzlab.saxonline.it\/w3\/wp-content\/uploads\/2024\/06\/CV-Micaela-Bruno.pdf\">Curriculum di Micaela Bruno<\/a><\/p>\n<p>&nbsp;<\/p>\n<p><a href=\"https:\/\/www.youtube.com\/playlist?list=PL9bXpu5xs04nlytI1kJCYNUstHDA2AoEr\"><strong>You Tube Video<\/strong><\/a><\/p>\n<\/div>\n<\/div><\/div><\/div><div id=\"pgc-w6664c6d93e570-1-1\"  class=\"panel-grid-cell\" ><div id=\"panel-w6664c6d93e570-1-1-0\" class=\"so-panel widget widget_sow-editor panel-first-child panel-last-child\" data-index=\"2\" ><div\n\t\t\t\n\t\t\tclass=\"so-widget-sow-editor so-widget-sow-editor-base\"\n\t\t\t\n\t\t>\n<div class=\"siteorigin-widget-tinymce textwidget\">\n\t<p><img loading=\"lazy\" decoding=\"async\" class=\"alignnone wp-image-3343 size-large\" src=\"https:\/\/www.jazzlab.saxonline.it\/w3\/wp-content\/uploads\/2022\/05\/ecfff002-9483-4414-b28c-7d5ce0590e0d-1024x569.jpg\" alt=\"\" width=\"604\" height=\"336\" srcset=\"https:\/\/www.jazzlab.saxonline.it\/w3\/wp-content\/uploads\/2022\/05\/ecfff002-9483-4414-b28c-7d5ce0590e0d-1024x569.jpg 1024w, https:\/\/www.jazzlab.saxonline.it\/w3\/wp-content\/uploads\/2022\/05\/ecfff002-9483-4414-b28c-7d5ce0590e0d-300x167.jpg 300w, https:\/\/www.jazzlab.saxonline.it\/w3\/wp-content\/uploads\/2022\/05\/ecfff002-9483-4414-b28c-7d5ce0590e0d-768x427.jpg 768w, https:\/\/www.jazzlab.saxonline.it\/w3\/wp-content\/uploads\/2022\/05\/ecfff002-9483-4414-b28c-7d5ce0590e0d.jpg 1238w\" sizes=\"auto, (max-width: 604px) 100vw, 604px\" \/><\/p>\n<p><img loading=\"lazy\" decoding=\"async\" class=\"alignnone size-full wp-image-3421\" src=\"https:\/\/www.jazzlab.saxonline.it\/w3\/wp-content\/uploads\/2024\/06\/micaelab.jpeg\" alt=\"\" width=\"940\" height=\"626\" srcset=\"https:\/\/www.jazzlab.saxonline.it\/w3\/wp-content\/uploads\/2024\/06\/micaelab.jpeg 940w, https:\/\/www.jazzlab.saxonline.it\/w3\/wp-content\/uploads\/2024\/06\/micaelab-300x200.jpeg 300w, https:\/\/www.jazzlab.saxonline.it\/w3\/wp-content\/uploads\/2024\/06\/micaelab-768x511.jpeg 768w, https:\/\/www.jazzlab.saxonline.it\/w3\/wp-content\/uploads\/2024\/06\/micaelab-600x400.jpeg 600w, https:\/\/www.jazzlab.saxonline.it\/w3\/wp-content\/uploads\/2024\/06\/micaelab-272x182.jpeg 272w\" sizes=\"auto, (max-width: 940px) 100vw, 940px\" \/><\/p>\n<p>&nbsp;<\/p>\n<\/div>\n<\/div><\/div><\/div><\/div><\/div><\/div><\/div><\/div><div id=\"pgc-3413-0-2\"  class=\"panel-grid-cell panel-grid-cell-empty\" ><\/div><\/div><\/div><\/div>","protected":false},"excerpt":{"rendered":"<p>Quartetto Jazz di Paolo Farinelli Featuring Micaela Bruno La formazione esegue un repertorio di standard classici della tradizione del musical americano e di brani originali di autori pi\u00f9 squisitamente jazzistici. I riferimenti stilistici di questa formazione<a class=\"moretag\" href=\"https:\/\/www.jazzlab.saxonline.it\/w3\/schede\/draft\/2848-2\/paolo-farinelli-quartet-feat-micaela-bruno\/\">Read More&#8230;<\/a><\/p>\n","protected":false},"author":24,"featured_media":0,"parent":2848,"menu_order":0,"comment_status":"closed","ping_status":"closed","template":"page_full-width.php","meta":{"footnotes":""},"class_list":["post-3413","page","type-page","status-publish","hentry"],"_links":{"self":[{"href":"https:\/\/www.jazzlab.saxonline.it\/w3\/wp-json\/wp\/v2\/pages\/3413","targetHints":{"allow":["GET"]}}],"collection":[{"href":"https:\/\/www.jazzlab.saxonline.it\/w3\/wp-json\/wp\/v2\/pages"}],"about":[{"href":"https:\/\/www.jazzlab.saxonline.it\/w3\/wp-json\/wp\/v2\/types\/page"}],"author":[{"embeddable":true,"href":"https:\/\/www.jazzlab.saxonline.it\/w3\/wp-json\/wp\/v2\/users\/24"}],"replies":[{"embeddable":true,"href":"https:\/\/www.jazzlab.saxonline.it\/w3\/wp-json\/wp\/v2\/comments?post=3413"}],"version-history":[{"count":6,"href":"https:\/\/www.jazzlab.saxonline.it\/w3\/wp-json\/wp\/v2\/pages\/3413\/revisions"}],"predecessor-version":[{"id":3422,"href":"https:\/\/www.jazzlab.saxonline.it\/w3\/wp-json\/wp\/v2\/pages\/3413\/revisions\/3422"}],"up":[{"embeddable":true,"href":"https:\/\/www.jazzlab.saxonline.it\/w3\/wp-json\/wp\/v2\/pages\/2848"}],"wp:attachment":[{"href":"https:\/\/www.jazzlab.saxonline.it\/w3\/wp-json\/wp\/v2\/media?parent=3413"}],"curies":[{"name":"wp","href":"https:\/\/api.w.org\/{rel}","templated":true}]}}