{"id":3292,"date":"2022-04-12T04:45:07","date_gmt":"2022-04-12T06:45:07","guid":{"rendered":"https:\/\/www.jazzlab.saxonline.it\/w3\/?page_id=3292"},"modified":"2022-04-12T05:15:26","modified_gmt":"2022-04-12T07:15:26","slug":"3292-2","status":"publish","type":"page","link":"https:\/\/www.jazzlab.saxonline.it\/w3\/schede\/draft\/2848-2\/3292-2\/","title":{"rendered":"Paolo Farinelli \/ Gianluca Figliola Jazz Duo"},"content":{"rendered":"<div id=\"pl-3292\"  class=\"panel-layout\" ><div id=\"pg-3292-0\"  class=\"panel-grid panel-has-style\" ><div class=\"siteorigin-panels-stretch panel-row-style panel-row-style-for-3292-0\" data-stretch-type=\"full-stretched\" ><div id=\"pgc-3292-0-0\"  class=\"panel-grid-cell panel-grid-cell-empty\" ><\/div><div id=\"pgc-3292-0-1\"  class=\"panel-grid-cell panel-grid-cell-mobile-last\" ><div id=\"panel-3292-0-1-0\" class=\"so-panel widget widget_sow-editor panel-first-child panel-last-child\" data-index=\"0\" ><div class=\"panel-widget-style panel-widget-style-for-3292-0-1-0\" ><div\n\t\t\t\n\t\t\tclass=\"so-widget-sow-editor so-widget-sow-editor-base\"\n\t\t\t\n\t\t>\n<div class=\"siteorigin-widget-tinymce textwidget\">\n\t<h3>Paolo Farinelli \/ Gianluca Figliola Jazz Duo<\/h3>\n<h6>Il Duo esegue un repertorio di standard classici della tradizione jazzistica. I riferimenti stilistici di questa formazione sono quelli tipici del main-stream arricchiti della visione pi\u00f9 contemporanea legata alla continuazione di questa tradizione cos\u00ec come si \u00e8 evoluta dagli anni 60' ad oggi. La caratteristica comune alle varie correnti di jazz, dallo swing all'hard bop al jazz modale, \u00e8 infatti quella di aver continuato ad esistere nel tempo ben al di l\u00e0 del periodo storico che le ha prodotte. Cos\u00ec nel lavoro dei musicisti contemporanei continua a vivere la radice del blues accanto agli elementi pi\u00f9 moderni che la evoluzione di questa musica ci ha regalato. A composizioni di autori come Irvin Berling o Gershwin si accostano brani originali di grandi musicisti di Jazz come Charlie Parker, Thelonious Monk o Joe Henderson, Charles Mingus o Benny Golson.<\/h6>\n<p><strong>La formazione \u00e8 composta da<\/strong><\/p>\n<p><strong>Paolo Farinelli: Sax Alto<\/strong><br \/>\n<img loading=\"lazy\" decoding=\"async\" class=\"size-medium wp-image-3254 alignright\" src=\"https:\/\/www.jazzlab.saxonline.it\/w3\/wp-content\/uploads\/2021\/03\/foto-300x261.jpg\" alt=\"\" width=\"300\" height=\"261\" srcset=\"https:\/\/www.jazzlab.saxonline.it\/w3\/wp-content\/uploads\/2021\/03\/foto-300x261.jpg 300w, https:\/\/www.jazzlab.saxonline.it\/w3\/wp-content\/uploads\/2021\/03\/foto.jpg 350w\" sizes=\"auto, (max-width: 300px) 100vw, 300px\" \/><strong>Gianluca Figliola: Chitarra\u00a0<\/strong><\/p>\n<h3><\/h3>\n<h3><strong>Attivit\u00e0 Svolta<\/strong><\/h3>\n<p><a href=\"https:\/\/www.saxonline.it\/informazioni\/insegnante\/\">Curriculum di Paolo Farinelli<\/a><a href=\"http:\/\/www.stonescafe.it\/stonescafe\/artist\/gianluca-figliola\/\"><br \/>\n<\/a><a href=\"http:\/\/www.stonescafe.it\/stonescafe\/artist\/gianluca-figliola\/\">Curriculum di Gianluca Figliola<\/a><\/p>\n<h3>Esigenze Tecniche<\/h3>\n<p>Una presa di Corrente nei pressi della postazione<br \/>\nUna illuminazione sufficiente a valorizzare la esecuzione.<br \/>\nPer spazi al di sotto\u00a0 dei 50mq non \u00e8 necessaria amplificazione ed il duo pu\u00f2 svolgere la sua performance in acustico con il solo ausilio dell'amplificatore della chitarra fornito dagli stessi musicisti. Per spazi pi\u00f9 grandi o all'aperto \u00e8 necessario invece il supporto di un impianto voci di potenza commisurata alle esigenze degli organizzatori.<\/p>\n<p><iframe loading=\"lazy\" src=\"https:\/\/drive.google.com\/file\/d\/1Qza_6A13FOVOmFSXI-nio80wm6z3Ap4W\/preview\" width=\"426\" height=\"240\"><\/iframe><\/p>\n<p><iframe loading=\"lazy\" src=\"https:\/\/drive.google.com\/file\/d\/1OnjRl4DHJfXTD4TofSGPBFg1THfriqWT\/preview\" width=\"426\" height=\"240\"><\/iframe><\/p>\n<p><iframe loading=\"lazy\" src=\"https:\/\/drive.google.com\/file\/d\/1nqETmCi1XljY5T-CgNFRdYSczdMn5xOE\/preview\" width=\"426\" height=\"240\"><\/iframe><\/p>\n<p><iframe loading=\"lazy\" src=\"https:\/\/drive.google.com\/file\/d\/1wNjEpCGbQmSkEOhM2LSsRkOtECmqRVkz\/preview\" width=\"426\" height=\"240\"><\/iframe><\/p>\n<\/div>\n<\/div><\/div><\/div><\/div><div id=\"pgc-3292-0-2\"  class=\"panel-grid-cell panel-grid-cell-empty\" ><\/div><\/div><\/div><\/div>","protected":false},"excerpt":{"rendered":"<p>Paolo Farinelli \/ Gianluca Figliola Jazz Duo Il Duo esegue un repertorio di standard classici della tradizione jazzistica. I riferimenti stilistici di questa formazione sono quelli tipici del main-stream arricchiti della visione pi\u00f9 contemporanea legata alla<a class=\"moretag\" href=\"https:\/\/www.jazzlab.saxonline.it\/w3\/schede\/draft\/2848-2\/3292-2\/\">Read More&#8230;<\/a><\/p>\n","protected":false},"author":24,"featured_media":0,"parent":2848,"menu_order":0,"comment_status":"closed","ping_status":"closed","template":"","meta":{"footnotes":""},"class_list":["post-3292","page","type-page","status-publish","hentry"],"_links":{"self":[{"href":"https:\/\/www.jazzlab.saxonline.it\/w3\/wp-json\/wp\/v2\/pages\/3292","targetHints":{"allow":["GET"]}}],"collection":[{"href":"https:\/\/www.jazzlab.saxonline.it\/w3\/wp-json\/wp\/v2\/pages"}],"about":[{"href":"https:\/\/www.jazzlab.saxonline.it\/w3\/wp-json\/wp\/v2\/types\/page"}],"author":[{"embeddable":true,"href":"https:\/\/www.jazzlab.saxonline.it\/w3\/wp-json\/wp\/v2\/users\/24"}],"replies":[{"embeddable":true,"href":"https:\/\/www.jazzlab.saxonline.it\/w3\/wp-json\/wp\/v2\/comments?post=3292"}],"version-history":[{"count":10,"href":"https:\/\/www.jazzlab.saxonline.it\/w3\/wp-json\/wp\/v2\/pages\/3292\/revisions"}],"predecessor-version":[{"id":3304,"href":"https:\/\/www.jazzlab.saxonline.it\/w3\/wp-json\/wp\/v2\/pages\/3292\/revisions\/3304"}],"up":[{"embeddable":true,"href":"https:\/\/www.jazzlab.saxonline.it\/w3\/wp-json\/wp\/v2\/pages\/2848"}],"wp:attachment":[{"href":"https:\/\/www.jazzlab.saxonline.it\/w3\/wp-json\/wp\/v2\/media?parent=3292"}],"curies":[{"name":"wp","href":"https:\/\/api.w.org\/{rel}","templated":true}]}}