{"id":3276,"date":"2022-04-04T12:46:53","date_gmt":"2022-04-04T14:46:53","guid":{"rendered":"https:\/\/www.jazzlab.saxonline.it\/w3\/?page_id=3276"},"modified":"2022-04-04T14:33:15","modified_gmt":"2022-04-04T16:33:15","slug":"paolo-farinelli-trio","status":"publish","type":"page","link":"https:\/\/www.jazzlab.saxonline.it\/w3\/schede\/draft\/2848-2\/paolo-farinelli-trio\/","title":{"rendered":"Paolo Farinelli Trio"},"content":{"rendered":"<div id=\"pl-3276\"  class=\"panel-layout\" ><div id=\"pg-3276-0\"  class=\"panel-grid panel-has-style\" ><div class=\"siteorigin-panels-stretch panel-row-style panel-row-style-for-3276-0\" data-stretch-type=\"full-stretched\" ><div id=\"pgc-3276-0-0\"  class=\"panel-grid-cell panel-grid-cell-empty\" ><\/div><div id=\"pgc-3276-0-1\"  class=\"panel-grid-cell panel-grid-cell-mobile-last\" ><div id=\"panel-3276-0-1-0\" class=\"so-panel widget widget_sow-editor panel-first-child panel-last-child\" data-index=\"0\" ><div class=\"panel-widget-style panel-widget-style-for-3276-0-1-0\" ><div\n\t\t\t\n\t\t\tclass=\"so-widget-sow-editor so-widget-sow-editor-base\"\n\t\t\t\n\t\t>\n<div class=\"siteorigin-widget-tinymce textwidget\">\n\t<h3>Paolo Farinelli Jazz Trio<\/h3>\n<h6>Il trio esegue un repertorio di standard classici della tradizione jazzistica. I riferimenti stilistici di questa formazione sono quelli tipici del main-stream arricchiti della visione pi\u00f9 contemporanea legata alla continuazione di questa tradizione cos\u00ec come si \u00e8 evoluta dagli anni 60' ad oggi. La caratteristica comune alle varie correnti di jazz, dallo swing all'hard bop al jazz modale, \u00e8 infatti quella di aver continuato ad esistere nel tempo ben al di l\u00e0 del periodo storico che le ha prodotte. Cos\u00ec nel lavoro dei musicisti contemporanei continua a vivere la radice del blues accanto agli elementi pi\u00f9 moderni che la evoluzione di questa musica ci ha regalato. A composizioni di autori come Irvin Berling o Gershwin si accostano brani originali di grandi musicisti di Jazz come Charlie Parker, Thelonious Monk o Joe Henderson, Charles Mingus o Benny Golson.<\/h6>\n<p><img loading=\"lazy\" decoding=\"async\" class=\"size-medium wp-image-3254 alignright\" src=\"https:\/\/www.jazzlab.saxonline.it\/w3\/wp-content\/uploads\/2021\/03\/foto-300x261.jpg\" alt=\"\" width=\"300\" height=\"261\" srcset=\"https:\/\/www.jazzlab.saxonline.it\/w3\/wp-content\/uploads\/2021\/03\/foto-300x261.jpg 300w, https:\/\/www.jazzlab.saxonline.it\/w3\/wp-content\/uploads\/2021\/03\/foto.jpg 350w\" sizes=\"auto, (max-width: 300px) 100vw, 300px\" \/><\/p>\n<p><strong>La formazione \u00e8 composta da<\/strong><\/p>\n<p><strong>Paolo Farinelli: Sax Alto<\/strong><br \/>\n<strong>Giulio Scarpato: Contrabbasso<\/strong><br \/>\n<strong>Gianluca Figliola: Chitarra\u00a0<\/strong><\/p>\n<h3><\/h3>\n<h3><strong>Attivit\u00e0 Svolta<\/strong><\/h3>\n<p><a href=\"https:\/\/www.saxonline.it\/informazioni\/insegnante\/\">Curriculum di Paolo Farinelli<\/a><a href=\"http:\/\/www.stonescafe.it\/stonescafe\/artist\/gianluca-figliola\/\"><br \/>\n<\/a><a href=\"https:\/\/www.centrottava.it\/giulio-scarpato\/\">Curriculum di Giulio Scarpato<\/a><a href=\"http:\/\/www.stonescafe.it\/stonescafe\/artist\/gianluca-figliola\/\"><br \/>\n<\/a><a href=\"http:\/\/www.stonescafe.it\/stonescafe\/artist\/gianluca-figliola\/\">Curriculum di Gianluca Figliola<\/a><\/p>\n<p><a href=\"https:\/\/www.youtube.com\/playlist?list=PL9bXpu5xs04nlytI1kJCYNUstHDA2AoEr\"><strong>You Tube Video<\/strong><\/a><\/p>\n<h3>Esigenze Tecniche<\/h3>\n<p>Una presa di Corrente nei pressi della postazione<br \/>\nUna illuminazione sufficiente a valorizzare la esecuzione.<br \/>\nPer spazi al di sotto\u00a0 dei 50mq non \u00e8 necessaria amplificazione ed il trio pu\u00f2 svolgere la sua performance in acustico con il solo ausilio degli amplificatori di basso e chitarra forniti dagli stessi musicisti. Per spazi pi\u00f9 grandi o all'aperto \u00e8 necessario invece il supporto di un impianto voci di potenza commisurata alle esigenze degli organizzatori.<\/p>\n<\/div>\n<\/div><\/div><\/div><\/div><div id=\"pgc-3276-0-2\"  class=\"panel-grid-cell panel-grid-cell-empty\" ><\/div><\/div><\/div><\/div>","protected":false},"excerpt":{"rendered":"<p>Paolo Farinelli Jazz Trio Il trio esegue un repertorio di standard classici della tradizione jazzistica. I riferimenti stilistici di questa formazione sono quelli tipici del main-stream arricchiti della visione pi\u00f9 contemporanea legata alla continuazione di questa<a class=\"moretag\" href=\"https:\/\/www.jazzlab.saxonline.it\/w3\/schede\/draft\/2848-2\/paolo-farinelli-trio\/\">Read More&#8230;<\/a><\/p>\n","protected":false},"author":24,"featured_media":0,"parent":2848,"menu_order":0,"comment_status":"closed","ping_status":"closed","template":"","meta":{"footnotes":""},"class_list":["post-3276","page","type-page","status-publish","hentry"],"_links":{"self":[{"href":"https:\/\/www.jazzlab.saxonline.it\/w3\/wp-json\/wp\/v2\/pages\/3276","targetHints":{"allow":["GET"]}}],"collection":[{"href":"https:\/\/www.jazzlab.saxonline.it\/w3\/wp-json\/wp\/v2\/pages"}],"about":[{"href":"https:\/\/www.jazzlab.saxonline.it\/w3\/wp-json\/wp\/v2\/types\/page"}],"author":[{"embeddable":true,"href":"https:\/\/www.jazzlab.saxonline.it\/w3\/wp-json\/wp\/v2\/users\/24"}],"replies":[{"embeddable":true,"href":"https:\/\/www.jazzlab.saxonline.it\/w3\/wp-json\/wp\/v2\/comments?post=3276"}],"version-history":[{"count":4,"href":"https:\/\/www.jazzlab.saxonline.it\/w3\/wp-json\/wp\/v2\/pages\/3276\/revisions"}],"predecessor-version":[{"id":3284,"href":"https:\/\/www.jazzlab.saxonline.it\/w3\/wp-json\/wp\/v2\/pages\/3276\/revisions\/3284"}],"up":[{"embeddable":true,"href":"https:\/\/www.jazzlab.saxonline.it\/w3\/wp-json\/wp\/v2\/pages\/2848"}],"wp:attachment":[{"href":"https:\/\/www.jazzlab.saxonline.it\/w3\/wp-json\/wp\/v2\/media?parent=3276"}],"curies":[{"name":"wp","href":"https:\/\/api.w.org\/{rel}","templated":true}]}}