{"id":2686,"date":"2016-05-23T07:54:30","date_gmt":"2016-05-23T09:54:30","guid":{"rendered":"http:\/\/www.saxonline.it\/w3\/?page_id=2686"},"modified":"2017-02-24T09:03:50","modified_gmt":"2017-02-24T11:03:50","slug":"cadenza-ii-v-scendi-per-toni-interi","status":"publish","type":"page","link":"https:\/\/www.jazzlab.saxonline.it\/w3\/teoria\/le-cadenze\/cadenza-ii-v\/cadenza-ii-v-scendi-per-toni-interi\/","title":{"rendered":"Cadenza II V (Scendi per toni interi)"},"content":{"rendered":"<div class=\"tx-row \">\n<div class=\"tx-column tx-column-size-1-2\">\n<p><a href=\"http:\/\/www.saxonline.it\/w3\/wp-content\/uploads\/2016\/06\/Frasi-II-V-.pdf\"><strong>Scarica PDF<\/strong><\/a><\/p>\n<a href=\"https:\/\/www.saxonline.it\/w3\/wp-content\/uploads\/2016\/06\/Frasi-II-V-.pdf\" class=\"pdfemb-viewer\" style=\"width:600px;height:1000px;\" data-width=\"600\" data-height=\"1000\" data-toolbar=\"top\" data-toolbar-fixed=\"on\">Frasi-II-V-<\/a>\n<p><strong>Base LENTA (<a href=\"http:\/\/www.saxonline.it\/w3\/wp-content\/uploads\/2016\/05\/IIV.mp3\">Scarica mp3<\/a>)<\/strong><\/p>\n<audio class=\"wp-audio-shortcode\" id=\"audio-2686-1\" preload=\"none\" style=\"width: 100%;\" controls=\"controls\"><source type=\"audio\/mpeg\" src=\"http:\/\/www.saxonline.it\/w3\/wp-content\/uploads\/2016\/05\/IIV.mp3?_=1\" \/><a href=\"http:\/\/www.saxonline.it\/w3\/wp-content\/uploads\/2016\/05\/IIV.mp3\">http:\/\/www.saxonline.it\/w3\/wp-content\/uploads\/2016\/05\/IIV.mp3<\/a><\/audio>\n<p>&nbsp;<\/p>\n<p><strong>Base VELOCE\u00a0(<a href=\"http:\/\/www.saxonline.it\/w3\/wp-content\/uploads\/2016\/05\/IIVveloce.mp3\">Scarica mp3<\/a>)<\/strong><\/p>\n<audio class=\"wp-audio-shortcode\" id=\"audio-2686-2\" preload=\"none\" style=\"width: 100%;\" controls=\"controls\"><source type=\"audio\/mpeg\" src=\"http:\/\/www.saxonline.it\/w3\/wp-content\/uploads\/2016\/05\/IIVveloce.mp3?_=2\" \/><a href=\"http:\/\/www.saxonline.it\/w3\/wp-content\/uploads\/2016\/05\/IIVveloce.mp3\">http:\/\/www.saxonline.it\/w3\/wp-content\/uploads\/2016\/05\/IIVveloce.mp3<\/a><\/audio>\n<p>&nbsp;<\/p>\n<p>&nbsp;<\/p>\n<\/div>\n<div class=\"tx-column tx-column-size-1-2\">\n<p>Pratica le frasi della lista prima con il metronomo seguendo la griglia di accordi di PAG.2 (per il sax tenore) o PAG.3 (per il sax alto) del PDF. In questo particolare esercizio le varie cadenze II V vengono messe in sequenza scendendo di un tono intero ogni volta (confronta &#8220;<a href=\"http:\/\/www.saxonline.it\/wordpress\/teoria\/gli-intervalli\/\">GLI INTERVALLI<\/a>). Nello spartito per sax Alto, la prima cadenza II V \u00e8 quella sulla scala di Bb maggiore: Cm7 F7. Proseguendo troviamo quella costruita sulla scala di Ab (Bbm7 Eb7) e cos\u00ec via.\u00a0Continuando a scendere per toni interi ci troviamo, dopo sei passaggi, alla tonalit\u00e0 di partenza. A quel punto abbiamo\u00a0compiuto un &#8220;CICLO ARMONICO&#8221; ovvero una serie di accordi posti ad intervalli regolari che torna al punto di partenza.<\/p>\n<p>ATTENZIONE: L&#8217;esercizio accorpa due cicli di toni interi in modo di affrontare tutte e 12 le tonalit\u00e0. Questo perch\u00e8 il ciclo per toni interi tocca solo sei tonalit\u00e0. Alla 13\u00b0 battuta inizia dunque un nuovo ciclo. L&#8217;esercizio si conclude con una risoluzione della ultima cadenza sul PRIMO GRADO \u00a0(accordo Maj7 finale). Questo per darti un punto di riferimento pi\u00f9 forte in fondo alla pagina.<\/p>\n<p>I cicli armonici<\/p>\n<p>I diversi cicli armonici costituiscono un indispensabile strumento per abituarsi a visualizzare le frasi nelle varie tonalit\u00e0 indipendentemente dall&#8217;ordine nel quale sono distribuiti gli accordi. Proprio come nelle composizioni nelle quali desideriamo cimentarci con l&#8217;improvvisazione, le cadenze si trovano disposte nei modi pi\u00f9 diversi, cos\u00ec anche nello studio preparatorio all&#8217;improvvisazione, seguiamo i vari schemi per abituarci a passare ad una tonalit\u00e0 qualsiasi da qualsiasi punto dello strumento nel quale ci troviamo. Questo anche a favore di una continuit\u00e0 melodica necessaria nella improvvisazione. \u00a0Dopo aver preso dimestichezza con le frasi della lista prova a praticarle con le basi.\u00a0Sui cicli armonici confronta: <a href=\"http:\/\/www.saxonline.it\/w3\/teoria\/cicli-armonici\/\" target=\"_blank\">I CICLI ARMONICI<\/a><\/p>\n<p>Basi audio<\/p>\n<p>Tutte e due le basi mp3 (in basso) suonano lo stesso giro armonico a velocit\u00e0 differenti. Pratica l&#8217;esercizio prima con la base pi\u00f9 lenta e in seguito, dopo aver acquisito una buona sicurezza, con quella pi\u00f9 veloce.<\/p>\n<p>Se non hai dimestichezza con la cadenza II V consulta questa pagina puoi approfondirne la conoscenza in questa pagina: <a href=\"http:\/\/www.saxonline.it\/w3\/teoria\/le-cadenze\/cadenza-ii-v\/\">LA CADENZA II V<\/a><\/p>\n<p>Se non hai chiaro il concetto di trasposizione leggi: <a href=\"http:\/\/www.saxonline.it\/wordpress\/cosa-vuol-dire-trasporre\/\" target=\"_blank\">COSA VUOL DIRE &#8220;TRASPORRE&#8221;<\/a><\/p>\n<\/div>\n<\/div>\n<p>&nbsp;<\/p>\n<p>Altre frasi da inserire nell&#8217;esercizio:<\/p>\n<a href=\"https:\/\/www.saxonline.it\/w3\/wp-content\/uploads\/2017\/02\/FRasi-DUE-Cinque.pdf\" class=\"pdfemb-viewer\" style=\"width:600px;height:1000px;\" data-width=\"600\" data-height=\"1000\" data-toolbar=\"top\" data-toolbar-fixed=\"on\">FRasi-DUE-Cinque<\/a>\n<p>&nbsp;<\/p>\n<p>&nbsp;<\/p>\n","protected":false},"excerpt":{"rendered":"<p>&nbsp; Altre frasi da inserire nell&#8217;esercizio: &nbsp; &nbsp;<\/p>\n","protected":false},"author":1,"featured_media":0,"parent":1803,"menu_order":0,"comment_status":"closed","ping_status":"closed","template":"","meta":{"footnotes":""},"class_list":["post-2686","page","type-page","status-publish","hentry"],"_links":{"self":[{"href":"https:\/\/www.jazzlab.saxonline.it\/w3\/wp-json\/wp\/v2\/pages\/2686","targetHints":{"allow":["GET"]}}],"collection":[{"href":"https:\/\/www.jazzlab.saxonline.it\/w3\/wp-json\/wp\/v2\/pages"}],"about":[{"href":"https:\/\/www.jazzlab.saxonline.it\/w3\/wp-json\/wp\/v2\/types\/page"}],"author":[{"embeddable":true,"href":"https:\/\/www.jazzlab.saxonline.it\/w3\/wp-json\/wp\/v2\/users\/1"}],"replies":[{"embeddable":true,"href":"https:\/\/www.jazzlab.saxonline.it\/w3\/wp-json\/wp\/v2\/comments?post=2686"}],"version-history":[{"count":16,"href":"https:\/\/www.jazzlab.saxonline.it\/w3\/wp-json\/wp\/v2\/pages\/2686\/revisions"}],"predecessor-version":[{"id":2791,"href":"https:\/\/www.jazzlab.saxonline.it\/w3\/wp-json\/wp\/v2\/pages\/2686\/revisions\/2791"}],"up":[{"embeddable":true,"href":"https:\/\/www.jazzlab.saxonline.it\/w3\/wp-json\/wp\/v2\/pages\/1803"}],"wp:attachment":[{"href":"https:\/\/www.jazzlab.saxonline.it\/w3\/wp-json\/wp\/v2\/media?parent=2686"}],"curies":[{"name":"wp","href":"https:\/\/api.w.org\/{rel}","templated":true}]}}