{"id":1899,"date":"2013-01-29T21:26:51","date_gmt":"2013-01-29T21:26:51","guid":{"rendered":"http:\/\/www.saxonline.it\/w3\/?page_id=1899"},"modified":"2013-01-29T21:26:51","modified_gmt":"2013-01-29T21:26:51","slug":"blues-for-alice-2-3","status":"publish","type":"page","link":"https:\/\/www.jazzlab.saxonline.it\/w3\/jazz\/pratiche-di-3%c2%b0-livello\/blues-for-alice-2-3\/","title":{"rendered":"Blues for ALice 2 &#8211; 3"},"content":{"rendered":"<h1>Blues for Alice 2<\/h1>\n<p><span style=\"font-size: 13px; line-height: 18px;\"><a href=\"http:\/\/www.saxonline.it\/wordpress\/wp-content\/uploads\/2013\/01\/images.jpg\"><img loading=\"lazy\" decoding=\"async\" class=\"alignleft size-full wp-image-2592\" title=\"images\" src=\"http:\/\/www.saxonline.it\/wordpress\/wp-content\/uploads\/2013\/01\/images.jpg\" alt=\"\" width=\"259\" height=\"194\" \/><\/a>Per chi ha gi\u00e0 praticato la scheda denominata &#8220;<\/span><a style=\"font-size: 13px; line-height: 18px;\" href=\"http:\/\/www.saxonline.it\/wordpress\/improvvisazione-jazz\/schede-di-studio\/blues-for-alice-1\">Blues for Alice 1<\/a><span style=\"font-size: 13px; line-height: 18px;\">&#8221; non dovrebbe essere difficile procedere nella costruzione di questo chorus dove vengono utilizzate una variet\u00e0 di frasi. La scheda numero 1, tuttavia, pu\u00f2 essere adatta anche per chi, pur avendo una discreta tecnica strumentale, \u00e8 all&#8217;inizio con l&#8217;improvvisazione. Questa invece introduce diversi elementi piuttosto evoluti. Linee guida, scale minori, sostituzione di tritono, scambio modale.\u00a0<\/span><span style=\"font-size: 13px; line-height: 18px;\">Tali argomenti implicano la necessit\u00e0 di svolgere una analisi armonica del giro di accordi dato che se &#8220;Blues for Alice 1&#8221; poteva essere praticato in modo totalmente empirico e con l&#8217;unico scopo di condurre una prima esperienza di ci\u00f2 che comporta lo spostarsi rapidamente da una tonalit\u00e0 all&#8217;altra, qui invece la concatenazione melodica \u00e8 pi\u00f9 accurata e le frasi, pur modulando con rigore attraverso le cadenze, mantengono una dimensione orizzontale che le riconduce coerentemente al centro tonale del brano. I materiali di supporto sono pubblicati nellascheda N1.<\/span><\/p>\n<p><a href=\"http:\/\/www.saxonline.it\/wordpress\/wp-content\/uploads\/2013\/01\/alice-alto.jpg\"><img loading=\"lazy\" decoding=\"async\" class=\"alignleft size-large wp-image-2588\" title=\"alice alto\" src=\"http:\/\/www.saxonline.it\/wordpress\/wp-content\/uploads\/2013\/01\/alice-alto-724x1024.jpg\" alt=\"\" width=\"645\" height=\"912\" \/><\/a><\/p>\n<p>&nbsp;<\/p>\n<p>&nbsp;<\/p>\n<h1>Blues for Alice 3<\/h1>\n<p>&nbsp;<\/p>\n<p>Un ulteriore sviluppo dello stesso giro armonico \u00e8 ottenuto dimezzando la velocit\u00e0. La linea melodica ora \u00e8 in sedicesimi e fornisce un esempio di come utilizzare le scale bop per raddoppiare il tempo o elaborare frasi pi\u00f9 lunghe su accordi fermi. Il livello di difficolt\u00e0 \u00e8 sempre inteso come intermedio ed il fraseggio \u00e8 sempre molto schematico. Cio allo scopo di fornire una guida proprio per coloro che sono nuovi alla costruzione melodica del jazz e hanno bisogno di modelli stilisticamente appropriati per condensare le loro conoscenze armoniche in materiale melodico esteticamente formato. Un concetto introdotto in questo piccolo studio \u00e8 l&#8217;indipendenza della linea melodica dalla scansione indicata dalle sigle. In un tempo cosi lento \u00e8 pi\u00f9 facile, infatti, incominciare rendersi conto di come le linee melodiche improvvisative contengano il proprio \u00a0ritmo armonico ben diverso dallo schematico scandire della griglia.<\/p>\n<p><a href=\"http:\/\/www.saxonline.it\/wordpress\/wp-content\/uploads\/2013\/01\/ballad-for-alice.jpg\"><img loading=\"lazy\" decoding=\"async\" class=\"alignleft size-large wp-image-2589\" title=\"ballad for alice\" src=\"http:\/\/www.saxonline.it\/wordpress\/wp-content\/uploads\/2013\/01\/ballad-for-alice-724x1024.jpg\" alt=\"\" width=\"645\" height=\"912\" \/><\/a><\/p>\n","protected":false},"excerpt":{"rendered":"<p>Blues for Alice 2 Per chi ha gi\u00e0 praticato la scheda denominata &#8220;Blues for Alice 1&#8221; non dovrebbe essere difficile procedere nella costruzione di questo chorus dove vengono utilizzate una variet\u00e0 di frasi. La scheda numero<a class=\"moretag\" href=\"https:\/\/www.jazzlab.saxonline.it\/w3\/jazz\/pratiche-di-3%c2%b0-livello\/blues-for-alice-2-3\/\">Read More&#8230;<\/a><\/p>\n","protected":false},"author":1,"featured_media":0,"parent":1231,"menu_order":11,"comment_status":"closed","ping_status":"closed","template":"","meta":{"footnotes":""},"class_list":["post-1899","page","type-page","status-publish","hentry"],"_links":{"self":[{"href":"https:\/\/www.jazzlab.saxonline.it\/w3\/wp-json\/wp\/v2\/pages\/1899","targetHints":{"allow":["GET"]}}],"collection":[{"href":"https:\/\/www.jazzlab.saxonline.it\/w3\/wp-json\/wp\/v2\/pages"}],"about":[{"href":"https:\/\/www.jazzlab.saxonline.it\/w3\/wp-json\/wp\/v2\/types\/page"}],"author":[{"embeddable":true,"href":"https:\/\/www.jazzlab.saxonline.it\/w3\/wp-json\/wp\/v2\/users\/1"}],"replies":[{"embeddable":true,"href":"https:\/\/www.jazzlab.saxonline.it\/w3\/wp-json\/wp\/v2\/comments?post=1899"}],"version-history":[{"count":1,"href":"https:\/\/www.jazzlab.saxonline.it\/w3\/wp-json\/wp\/v2\/pages\/1899\/revisions"}],"predecessor-version":[{"id":1900,"href":"https:\/\/www.jazzlab.saxonline.it\/w3\/wp-json\/wp\/v2\/pages\/1899\/revisions\/1900"}],"up":[{"embeddable":true,"href":"https:\/\/www.jazzlab.saxonline.it\/w3\/wp-json\/wp\/v2\/pages\/1231"}],"wp:attachment":[{"href":"https:\/\/www.jazzlab.saxonline.it\/w3\/wp-json\/wp\/v2\/media?parent=1899"}],"curies":[{"name":"wp","href":"https:\/\/api.w.org\/{rel}","templated":true}]}}