{"id":1270,"date":"2011-10-21T12:28:25","date_gmt":"2011-10-21T12:28:25","guid":{"rendered":"http:\/\/www.saxonline.it\/w4\/?page_id=1270"},"modified":"2015-04-12T07:59:02","modified_gmt":"2015-04-12T09:59:02","slug":"pratiche-avanzate","status":"publish","type":"page","link":"https:\/\/www.jazzlab.saxonline.it\/w3\/jazz\/pratiche-avanzate\/","title":{"rendered":"Pratiche avanzate"},"content":{"rendered":"<div id=\"ccchildpages-1\" class=\"ccchildpages ccflex threecol simple ccclearfix\"><div class=\"ccchildpage  ccfirst ccodd ccpage-count-1 ccpage-id-1399 ccpage-all-the-things-you-are-lee-konitz ccpage-has-parent ccpage-pid-1270 ccpage-parent-pratiche-avanzate\"><h3 class=\"ccpage_title\" title=\"All the things you are &#8211; Lee Konitz\">All the things you are &#8211; Lee Konitz<\/h3><div class=\"ccpages_excerpt\">Lee Konitz \u2013 Back to basic In questa breve pagina scritta da Lee Konitz \u00e8 possibile farsi una idea di cosa vuol dire improvvisazione tematica. Le prime 8 battute di All the things you are sono elaborate in 10 modi diversi utilizzando variazioni sempre pi\u00f9 complesse. L'articolo nel suo insieme \u00e8 altrettanto interessante e dice...<\/div><p class=\"ccpages_more\"><a href=\"https:\/\/www.jazzlab.saxonline.it\/w3\/jazz\/pratiche-avanzate\/all-the-things-you-are-lee-konitz\/\"  title=\"Read more ...\">Read more ...<\/a><\/p><\/div><div class=\"ccchildpage  cceven ccpage-count-2 ccpage-id-1526 ccpage-i-got-rhythm-steve-grossman ccpage-has-parent ccpage-pid-1270 ccpage-parent-pratiche-avanzate\"><h3 class=\"ccpage_title\" title=\"I got rhythm &#8211; Steve Grossman\">I got rhythm &#8211; Steve Grossman<\/h3><div class=\"ccpages_excerpt\">Steve Grossman (New York 18\/01\/1951) Steve grossman inizia a suonare a 8 anni con il sax alto. A 15 il sax oprano e a 16 il Tenore. \u00c8 il 1967, l\u2019anno in cui muore John Coltrane ed il Jazz si affaccia sugli anni 70 in un periodo nel quale gli elementi di novit\u00e0 riguardano principalmente...<\/div><p class=\"ccpages_more\"><a href=\"https:\/\/www.jazzlab.saxonline.it\/w3\/jazz\/pratiche-avanzate\/i-got-rhythm-steve-grossman\/\"  title=\"Read more ...\">Read more ...<\/a><\/p><\/div><div class=\"ccchildpage  cclast ccodd ccpage-count-3 ccpage-id-1626 ccpage-nalisi-melodica-di-all-the-things-you-are-lee-konitz ccpage-has-parent ccpage-pid-1270 ccpage-parent-pratiche-avanzate\"><h3 class=\"ccpage_title\" title=\"Analisi Melodica di All the things You Are &#8211; Lee Konitz\">Analisi Melodica di All the things You Are &#8211; Lee Konitz<\/h3><div class=\"ccpages_excerpt\">Analisi All the things you are Questa canzone \u00e8 stata scritta da Jerome Kern nel 1939 per il musical \u201cVery warm for may\u201d e da allora \u00e8 uno degli standard pi\u00f9 praticati dai musicisti di Jazz. La cellula melodica \u00e8 costituita da un intervallo di quarta ascendente riproposto per imitazione tre volte in gruppi di...<\/div><p class=\"ccpages_more\"><a href=\"https:\/\/www.jazzlab.saxonline.it\/w3\/jazz\/pratiche-avanzate\/nalisi-melodica-di-all-the-things-you-are-lee-konitz\/\"  title=\"Read more ...\">Read more ...<\/a><\/p><\/div><\/div>\n","protected":false},"excerpt":{"rendered":"","protected":false},"author":1,"featured_media":0,"parent":1379,"menu_order":55,"comment_status":"closed","ping_status":"closed","template":"","meta":{"footnotes":""},"class_list":["post-1270","page","type-page","status-publish","hentry"],"_links":{"self":[{"href":"https:\/\/www.jazzlab.saxonline.it\/w3\/wp-json\/wp\/v2\/pages\/1270","targetHints":{"allow":["GET"]}}],"collection":[{"href":"https:\/\/www.jazzlab.saxonline.it\/w3\/wp-json\/wp\/v2\/pages"}],"about":[{"href":"https:\/\/www.jazzlab.saxonline.it\/w3\/wp-json\/wp\/v2\/types\/page"}],"author":[{"embeddable":true,"href":"https:\/\/www.jazzlab.saxonline.it\/w3\/wp-json\/wp\/v2\/users\/1"}],"replies":[{"embeddable":true,"href":"https:\/\/www.jazzlab.saxonline.it\/w3\/wp-json\/wp\/v2\/comments?post=1270"}],"version-history":[{"count":2,"href":"https:\/\/www.jazzlab.saxonline.it\/w3\/wp-json\/wp\/v2\/pages\/1270\/revisions"}],"predecessor-version":[{"id":2409,"href":"https:\/\/www.jazzlab.saxonline.it\/w3\/wp-json\/wp\/v2\/pages\/1270\/revisions\/2409"}],"up":[{"embeddable":true,"href":"https:\/\/www.jazzlab.saxonline.it\/w3\/wp-json\/wp\/v2\/pages\/1379"}],"wp:attachment":[{"href":"https:\/\/www.jazzlab.saxonline.it\/w3\/wp-json\/wp\/v2\/media?parent=1270"}],"curies":[{"name":"wp","href":"https:\/\/api.w.org\/{rel}","templated":true}]}}