{"id":1231,"date":"2011-10-21T11:45:22","date_gmt":"2011-10-21T11:45:22","guid":{"rendered":"http:\/\/www.saxonline.it\/w4\/?page_id=1231"},"modified":"2015-04-12T07:57:17","modified_gmt":"2015-04-12T09:57:17","slug":"pratiche-di-3%c2%b0-livello","status":"publish","type":"page","link":"https:\/\/www.jazzlab.saxonline.it\/w3\/jazz\/pratiche-di-3%c2%b0-livello\/","title":{"rendered":"Pratiche 3\u00b0livello"},"content":{"rendered":"<div id=\"ccchildpages-1\" class=\"ccchildpages ccflex threecol simple ccclearfix\"><div class=\"ccchildpage  ccfirst ccodd ccpage-count-1 ccpage-id-1525 ccpage-chorus-di-blues-scritto-da-brecker-2 ccpage-has-parent ccpage-pid-1231 ccpage-parent-pratiche-di-3%c2%b0-livello\"><h3 class=\"ccpage_title\" title=\"Un chorus di blues scritto da Brecker\">Un chorus di blues scritto da Brecker<\/h3><div class=\"ccpages_excerpt\">Nel 1986 ci fu a Ravenna un seminario di tre giorni di Michael Brecker che scrisse e distribu\u00ec ai presenti un chorus didattico da imparare a memoria e trasportare nelle varie tonalit\u00e0. Ecco il pdf contenete le dodici battute per piano, sax tenore e sax alto di un blues in Bb. Scarica pdf:Brecker blues L'analisi...<\/div><p class=\"ccpages_more\"><a href=\"https:\/\/www.jazzlab.saxonline.it\/w3\/jazz\/pratiche-di-3%c2%b0-livello\/chorus-di-blues-scritto-da-brecker-2\/\"  title=\"Read more ...\">Read more ...<\/a><\/p><\/div><div class=\"ccchildpage  cceven ccpage-count-2 ccpage-id-532 ccpage-frasi-su-un-c-tonale ccpage-has-parent ccpage-pid-1231 ccpage-parent-pratiche-di-3%c2%b0-livello\"><h3 class=\"ccpage_title\" title=\"Frasi su una cadenza II V\">Frasi su una cadenza II V<\/h3><div class=\"ccpages_excerpt\">Frasi su una cadenza \u00a0II -V - Nessuna sostituzione o alterazione, \u00a0solo qualche cromatismo Nel precedente esercizio sul giro armonico di Blues for Alice l'attenzione era incentrata sulla capacit\u00e0 di muoversi su di un'accordo isolandolo dal precedente o dal successivo. Ma il Jazz \u00e8 in forte continuit\u00e0 con il Blues dove l'approccio solistico \u00e8 opposto:...<\/div><p class=\"ccpages_more\"><a href=\"https:\/\/www.jazzlab.saxonline.it\/w3\/jazz\/pratiche-di-3%c2%b0-livello\/frasi-su-un-c-tonale\/\"  title=\"Read more ...\">Read more ...<\/a><\/p><\/div><div class=\"ccchildpage  cclast ccodd ccpage-count-3 ccpage-id-735 ccpage-il-blues ccpage-has-parent ccpage-pid-1231 ccpage-parent-pratiche-di-3%c2%b0-livello\"><h3 class=\"ccpage_title\" title=\"Il Blues\">Il Blues<\/h3><div class=\"ccpages_excerpt\">Il primo concetto da tenere presente quando si pratica il\u00a0Blues \u00e8 che l'orecchio e l'istinto sono le cose pi\u00f9 importanti e che i supporti teorici sono solo delle facilitazioni di cui usufruire ma che non possono in nessun modo sostituire la pratica empirica. Il blues non \u00e8 una forma musicale ne' un tipo di brano...<\/div><p class=\"ccpages_more\"><a href=\"https:\/\/www.jazzlab.saxonline.it\/w3\/jazz\/pratiche-di-3%c2%b0-livello\/il-blues\/\"  title=\"Read more ...\">Read more ...<\/a><\/p><\/div><div class=\"ccchildpage  ccfirst cceven ccpage-count-4 ccpage-id-805 ccpage-un-assolo-di-hank-mobley ccpage-has-parent ccpage-pid-1231 ccpage-parent-pratiche-di-3%c2%b0-livello\"><h3 class=\"ccpage_title\" title=\"Un assolo di Hank Mobley\">Un assolo di Hank Mobley<\/h3><div class=\"ccpages_excerpt\">Una scheda pensata certamente per chi gi\u00e0 pratica il sax da diversi anni anche se , a questo proposito , devo dire che a volte anche chi \u00e8 all'inizio pu\u00f2 trarre dalla pratica di frammenti di assolo grandissimi benefici. In questa scheda propongo un fantastico assolo di Hank \u00a0Mobley su una struttura \"I got rhythm\"....<\/div><p class=\"ccpages_more\"><a href=\"https:\/\/www.jazzlab.saxonline.it\/w3\/jazz\/pratiche-di-3%c2%b0-livello\/un-assolo-di-hank-mobley\/\"  title=\"Read more ...\">Read more ...<\/a><\/p><\/div><div class=\"ccchildpage  ccodd ccpage-count-5 ccpage-id-500 ccpage-blues-for-alice-1 ccpage-has-parent ccpage-pid-1231 ccpage-parent-pratiche-di-3%c2%b0-livello\"><h3 class=\"ccpage_title\" title=\"Blues For Alice 1\">Blues For Alice 1<\/h3><div class=\"ccpages_excerpt\">&lt;script type=&quot;text\/javascript&quot;&gt; &lt;!-- { document.location = &quot;https:\/\/www.saxonline.it\/improvvisazione-jazz\/schede-di-studio\/blues-for-alice-1\/&quot;; } \/\/--&gt; &lt;\/script&gt;<\/div><p class=\"ccpages_more\"><a href=\"https:\/\/www.jazzlab.saxonline.it\/w3\/jazz\/pratiche-di-3%c2%b0-livello\/blues-for-alice-1\/\"  title=\"Read more ...\">Read more ...<\/a><\/p><\/div><div class=\"ccchildpage  cclast cceven ccpage-count-6 ccpage-id-935 ccpage-green-dolphin-street ccpage-has-parent ccpage-pid-1231 ccpage-parent-pratiche-di-3%c2%b0-livello\"><h3 class=\"ccpage_title\" title=\"Green Dolphin Street\">Green Dolphin Street<\/h3><div class=\"ccpages_excerpt\">Uno studio sul giro armonico di Green Dolphin Street pieno di frasi fondamentali che sono alla base del linguaggio bop e utilissime a sintonizzarsi sulle abitudini improvvisative dei musicisti che si rifanno a questa tradizione musicale. Due pdf nelle tonalit\u00e0 di sax alto e tenore. In questo studio trovano applicazione una serie di argomenti di...<\/div><p class=\"ccpages_more\"><a href=\"https:\/\/www.jazzlab.saxonline.it\/w3\/jazz\/pratiche-di-3%c2%b0-livello\/green-dolphin-street\/\"  title=\"Read more ...\">Read more ...<\/a><\/p><\/div><div class=\"ccchildpage  ccfirst ccodd ccpage-count-7 ccpage-id-1899 ccpage-blues-for-alice-2-3 ccpage-has-parent ccpage-pid-1231 ccpage-parent-pratiche-di-3%c2%b0-livello\"><h3 class=\"ccpage_title\" title=\"Blues for ALice 2 &#8211; 3\">Blues for ALice 2 &#8211; 3<\/h3><div class=\"ccpages_excerpt\">Blues for Alice 2 Per chi ha gi\u00e0 praticato la scheda denominata \"Blues for Alice 1\" non dovrebbe essere difficile procedere nella costruzione di questo chorus dove vengono utilizzate una variet\u00e0 di frasi. La scheda numero 1, tuttavia, pu\u00f2 essere adatta anche per chi, pur avendo una discreta tecnica strumentale, \u00e8 all'inizio con l'improvvisazione. Questa...<\/div><p class=\"ccpages_more\"><a href=\"https:\/\/www.jazzlab.saxonline.it\/w3\/jazz\/pratiche-di-3%c2%b0-livello\/blues-for-alice-2-3\/\"  title=\"Read more ...\">Read more ...<\/a><\/p><\/div><div class=\"ccchildpage  cceven ccpage-count-8 ccpage-id-1613 ccpage-le-scale-di-barry-harris ccpage-has-parent ccpage-pid-1231 ccpage-parent-pratiche-di-3%c2%b0-livello\"><h3 class=\"ccpage_title\" title=\"Le scale di Barry Harris\">Le scale di Barry Harris<\/h3><div class=\"ccpages_excerpt\">1.1 Barry Harris - Detroit,Michigan, 15 dicembre 1929 Barry Harris \u00e8 uno dei maggiori pianisti bop dal 1950 ad oggi. Ha sviluppato uno stile vicino a Bud Powell e in misura minore a Monk. Ventenne \u00e8 stato una parte importante della scena jazz di Detroit e da allora non ha mai smesso di dedicarsi alla...<\/div><p class=\"ccpages_more\"><a href=\"https:\/\/www.jazzlab.saxonline.it\/w3\/jazz\/pratiche-di-3%c2%b0-livello\/le-scale-di-barry-harris\/\"  title=\"Read more ...\">Read more ...<\/a><\/p><\/div><\/div>\n","protected":false},"excerpt":{"rendered":"","protected":false},"author":1,"featured_media":0,"parent":1379,"menu_order":10,"comment_status":"closed","ping_status":"closed","template":"","meta":{"footnotes":""},"class_list":["post-1231","page","type-page","status-publish","hentry"],"_links":{"self":[{"href":"https:\/\/www.jazzlab.saxonline.it\/w3\/wp-json\/wp\/v2\/pages\/1231","targetHints":{"allow":["GET"]}}],"collection":[{"href":"https:\/\/www.jazzlab.saxonline.it\/w3\/wp-json\/wp\/v2\/pages"}],"about":[{"href":"https:\/\/www.jazzlab.saxonline.it\/w3\/wp-json\/wp\/v2\/types\/page"}],"author":[{"embeddable":true,"href":"https:\/\/www.jazzlab.saxonline.it\/w3\/wp-json\/wp\/v2\/users\/1"}],"replies":[{"embeddable":true,"href":"https:\/\/www.jazzlab.saxonline.it\/w3\/wp-json\/wp\/v2\/comments?post=1231"}],"version-history":[{"count":1,"href":"https:\/\/www.jazzlab.saxonline.it\/w3\/wp-json\/wp\/v2\/pages\/1231\/revisions"}],"predecessor-version":[{"id":2405,"href":"https:\/\/www.jazzlab.saxonline.it\/w3\/wp-json\/wp\/v2\/pages\/1231\/revisions\/2405"}],"up":[{"embeddable":true,"href":"https:\/\/www.jazzlab.saxonline.it\/w3\/wp-json\/wp\/v2\/pages\/1379"}],"wp:attachment":[{"href":"https:\/\/www.jazzlab.saxonline.it\/w3\/wp-json\/wp\/v2\/media?parent=1231"}],"curies":[{"name":"wp","href":"https:\/\/api.w.org\/{rel}","templated":true}]}}